{"id":2007,"date":"2015-01-20T10:35:19","date_gmt":"2015-01-20T09:35:19","guid":{"rendered":"http:\/\/mmoscope.com\/eqnext\/?page_id=2007"},"modified":"2015-01-20T10:35:19","modified_gmt":"2015-01-20T09:35:19","slug":"mentions-legales","status":"publish","type":"page","link":"https:\/\/mmoscope.com\/eqnext\/mentions-legales\/","title":{"rendered":"Mentions l\u00e9gales"},"content":{"rendered":"<div class=\"entry-content\">\n<div>\n<h3><strong>1. Informations l\u00e9gales<\/strong><\/h3>\n<p>Conform\u00e9ment aux dispositions des articles 6-III et 19 de la loi pour la Confiance dans l\u2019\u00c9conomie Num\u00e9rique, nous vous informons que ce site internet est h\u00e9berg\u00e9 par :<\/p>\n<p><strong>02switch<\/strong><br \/>\n222-224 Boulevard Gustave Flaubert<br \/>\n63000 Clermont-Ferrand<br \/>\nFrance<\/p>\n<h3><strong>2. Copyright et Propri\u00e9t\u00e9 intellectuelle<\/strong><\/h3>\n<p>L\u2019ensemble des \u00e9l\u00e9ments figurant sur notre site sont prot\u00e9g\u00e9s par les dispositions du Code de la Propri\u00e9t\u00e9 Intellectuelle. En cons\u00e9quence, toute reproduction de ceux-ci, totale ou partielle, ou imitation, sans notre accord expr\u00e8s, pr\u00e9alable et \u00e9crit, est interdite.<\/p>\n<p>Il est formellement interdit de collecter et d\u2019utiliser les informations disponibles sur le site \u00e0 des fins commerciales.<\/p>\n<p>Cette interdiction s\u2019\u00e9tend notamment, sans que cette liste ne soit limitative, \u00e0 tout \u00e9l\u00e9ment r\u00e9dactionnel figurant sur le site, \u00e0 la pr\u00e9sentation des \u00e9crans, aux logiciels n\u00e9cessaires \u00e0 l\u2019exploitation, aux logos, images, photos, graphiques, de quelque nature qu\u2019ils soient.<\/p>\n<h3><strong>3. Cookies<\/strong><\/h3>\n<p>Ce site internet utilise des cookies, et le serveur web collecte des informations sur la mani\u00e8re dont notre site est utilis\u00e9. Les informations collect\u00e9es incluent par exemple la date et l\u2019heure des visites, le nombre de pages vues, et le temps pass\u00e9 sur notre site.<\/p>\n<p>Les informations collect\u00e9es ne seront pas utilis\u00e9es \u00e0 d\u2019autres fins, et en particulier ne seront pas utilis\u00e9es \u00e0 des fins commerciales sans autorisation de votre part.<\/p>\n<p>Les cookies sont des petits fichiers textes, qui incluent un identifiant anonyme. Quand vous visitez un site internet,\u00a0 ce site demande \u00e0 votre ordinateur l\u2019autorisation d\u2019enregistrer ce fichier dans un r\u00e9pertoire de votre disque dur d\u00e9di\u00e9 aux cookies.\u00a0 Chaque site peut enregistrer son propre cookie si les param\u00e8tres de votre navigateur le permettent, mais, afin de prot\u00e9ger votre vie priv\u00e9e, votre navigateur ne permet \u00e0 un site de n\u2019acc\u00e9der qu\u2019aux cookies qu\u2019il a enregistr\u00e9, et pas aux cookies enregistr\u00e9s par d\u2019autres sites.<\/p>\n<h3><strong>4. Affiliation<\/strong><\/h3>\n<p>mmoscope.com\u00a0 participe au Programme Partenaires d\u2019Amazon EU, un programme d\u2019affiliation con\u00e7u pour permettre \u00e0 des sites de percevoir une r\u00e9mun\u00e9ration gr\u00e2ce \u00e0 la cr\u00e9ation de liens vers Amazon.fr.<\/p>\n<\/div>\n<\/div>\n","protected":false},"excerpt":{"rendered":"<h3><strong>1. Informations l\u00e9gales<\/strong><\/h3>\n<p>Conform\u00e9ment aux dispositions des articles 6-III et 19 de la loi pour la Confiance dans l\u2019\u00c9conomie Num\u00e9rique, nous vous informons que ce site internet est h\u00e9berg\u00e9 par :<\/p>\n<p><strong>02switch<\/strong><br \/> 222-224 Boulevard Gustave Flaubert<br \/> 63000 Clermont-Ferrand<br \/> France<\/p>\n<h3><strong>2. Copyright et Propri\u00e9t\u00e9 intellectuelle<\/strong><\/h3>\n<p>L\u2019ensemble des \u00e9l\u00e9ments figurant sur notre site sont prot\u00e9g\u00e9s par les dispositions du Code de la Propri\u00e9t\u00e9 Intellectuelle. En cons\u00e9quence, toute reproduction de ceux-ci, totale ou partielle, ou imitation, sans notre accord expr\u00e8s, pr\u00e9alable et \u00e9crit, est interdite.<\/p>\n<p>Il est formellement interdit de collecter et d\u2019utiliser les informations disponibles sur le site \u00e0 des fins commerciales.<\/p>\n<p>Cette interdiction s\u2019\u00e9tend notamment, sans que cette liste ne soit limitative, \u00e0 tout \u00e9l\u00e9ment r\u00e9dactionnel figurant sur  \u2026 <a href=\"https:\/\/mmoscope.com\/eqnext\/mentions-legales\/\">Lire la suite&#8230; <span class=\"meta-nav\">&rarr; <\/span><\/a><\/p>\n","protected":false},"author":1,"featured_media":0,"parent":0,"menu_order":0,"comment_status":"open","ping_status":"open","template":"","meta":{"footnotes":""},"yoast_head":"<!-- This site is optimized with the Yoast SEO plugin v21.6 - https:\/\/yoast.com\/wordpress\/plugins\/seo\/ -->\n<title>Mentions l\u00e9gales - mmoscope Everquest Next<\/title>\n<meta name=\"robots\" content=\"index, follow, max-snippet:-1, max-image-preview:large, max-video-preview:-1\" \/>\n<link rel=\"canonical\" href=\"https:\/\/mmoscope.com\/eqnext\/mentions-legales\/\" \/>\n<meta property=\"og:locale\" content=\"fr_FR\" \/>\n<meta property=\"og:type\" content=\"article\" \/>\n<meta property=\"og:title\" content=\"Mentions l\u00e9gales - mmoscope Everquest Next\" \/>\n<meta property=\"og:description\" content=\"1. Informations l\u00e9gales Conform\u00e9ment aux dispositions des articles 6-III et 19 de la loi pour la Confiance dans l\u2019\u00c9conomie Num\u00e9rique, nous vous informons que ce site internet est h\u00e9berg\u00e9 par : 02switch 222-224 Boulevard Gustave Flaubert 63000 Clermont-Ferrand France 2. Copyright et Propri\u00e9t\u00e9 intellectuelle L\u2019ensemble des \u00e9l\u00e9ments figurant sur notre site sont prot\u00e9g\u00e9s par les dispositions du Code de la Propri\u00e9t\u00e9 Intellectuelle. En cons\u00e9quence, toute reproduction de ceux-ci, totale ou partielle, ou imitation, sans notre accord expr\u00e8s, pr\u00e9alable et \u00e9crit, est interdite. Il est formellement interdit de collecter et d\u2019utiliser les informations disponibles sur le site \u00e0 des fins commerciales. Cette interdiction s\u2019\u00e9tend notamment, sans que cette liste ne soit limitative, \u00e0 tout \u00e9l\u00e9ment r\u00e9dactionnel figurant sur \u2026 Lire la suite... &rarr;\" \/>\n<meta property=\"og:url\" content=\"https:\/\/mmoscope.com\/eqnext\/mentions-legales\/\" \/>\n<meta property=\"og:site_name\" content=\"mmoscope Everquest Next\" \/>\n<meta name=\"twitter:label1\" content=\"Dur\u00e9e de lecture estim\u00e9e\" \/>\n\t<meta name=\"twitter:data1\" content=\"2 minutes\" \/>\n<script type=\"application\/ld+json\" class=\"yoast-schema-graph\">{\"@context\":\"https:\/\/schema.org\",\"@graph\":[{\"@type\":\"WebPage\",\"@id\":\"https:\/\/mmoscope.com\/eqnext\/mentions-legales\/\",\"url\":\"https:\/\/mmoscope.com\/eqnext\/mentions-legales\/\",\"name\":\"Mentions l\u00e9gales - mmoscope Everquest Next\",\"isPartOf\":{\"@id\":\"https:\/\/mmoscope.com\/eqnext\/#website\"},\"datePublished\":\"2015-01-20T09:35:19+00:00\",\"dateModified\":\"2015-01-20T09:35:19+00:00\",\"breadcrumb\":{\"@id\":\"https:\/\/mmoscope.com\/eqnext\/mentions-legales\/#breadcrumb\"},\"inLanguage\":\"fr-FR\",\"potentialAction\":[{\"@type\":\"ReadAction\",\"target\":[\"https:\/\/mmoscope.com\/eqnext\/mentions-legales\/\"]}]},{\"@type\":\"BreadcrumbList\",\"@id\":\"https:\/\/mmoscope.com\/eqnext\/mentions-legales\/#breadcrumb\",\"itemListElement\":[{\"@type\":\"ListItem\",\"position\":1,\"name\":\"Accueil\",\"item\":\"https:\/\/mmoscope.com\/eqnext\/\"},{\"@type\":\"ListItem\",\"position\":2,\"name\":\"Mentions l\u00e9gales\"}]},{\"@type\":\"WebSite\",\"@id\":\"https:\/\/mmoscope.com\/eqnext\/#website\",\"url\":\"https:\/\/mmoscope.com\/eqnext\/\",\"name\":\"mmoscope Everquest Next\",\"description\":\"L&#039;actualit\u00e9 du MMO Everquest Next et Landmark\",\"potentialAction\":[{\"@type\":\"SearchAction\",\"target\":{\"@type\":\"EntryPoint\",\"urlTemplate\":\"https:\/\/mmoscope.com\/eqnext\/?s={search_term_string}\"},\"query-input\":\"required name=search_term_string\"}],\"inLanguage\":\"fr-FR\"}]}<\/script>\n<!-- \/ Yoast SEO plugin. -->","yoast_head_json":{"title":"Mentions l\u00e9gales - mmoscope Everquest Next","robots":{"index":"index","follow":"follow","max-snippet":"max-snippet:-1","max-image-preview":"max-image-preview:large","max-video-preview":"max-video-preview:-1"},"canonical":"https:\/\/mmoscope.com\/eqnext\/mentions-legales\/","og_locale":"fr_FR","og_type":"article","og_title":"Mentions l\u00e9gales - mmoscope Everquest Next","og_description":"1. Informations l\u00e9gales Conform\u00e9ment aux dispositions des articles 6-III et 19 de la loi pour la Confiance dans l\u2019\u00c9conomie Num\u00e9rique, nous vous informons que ce site internet est h\u00e9berg\u00e9 par : 02switch 222-224 Boulevard Gustave Flaubert 63000 Clermont-Ferrand France 2. Copyright et Propri\u00e9t\u00e9 intellectuelle L\u2019ensemble des \u00e9l\u00e9ments figurant sur notre site sont prot\u00e9g\u00e9s par les dispositions du Code de la Propri\u00e9t\u00e9 Intellectuelle. En cons\u00e9quence, toute reproduction de ceux-ci, totale ou partielle, ou imitation, sans notre accord expr\u00e8s, pr\u00e9alable et \u00e9crit, est interdite. Il est formellement interdit de collecter et d\u2019utiliser les informations disponibles sur le site \u00e0 des fins commerciales. Cette interdiction s\u2019\u00e9tend notamment, sans que cette liste ne soit limitative, \u00e0 tout \u00e9l\u00e9ment r\u00e9dactionnel figurant sur \u2026 Lire la suite... &rarr;","og_url":"https:\/\/mmoscope.com\/eqnext\/mentions-legales\/","og_site_name":"mmoscope Everquest Next","twitter_misc":{"Dur\u00e9e de lecture estim\u00e9e":"2 minutes"},"schema":{"@context":"https:\/\/schema.org","@graph":[{"@type":"WebPage","@id":"https:\/\/mmoscope.com\/eqnext\/mentions-legales\/","url":"https:\/\/mmoscope.com\/eqnext\/mentions-legales\/","name":"Mentions l\u00e9gales - mmoscope Everquest Next","isPartOf":{"@id":"https:\/\/mmoscope.com\/eqnext\/#website"},"datePublished":"2015-01-20T09:35:19+00:00","dateModified":"2015-01-20T09:35:19+00:00","breadcrumb":{"@id":"https:\/\/mmoscope.com\/eqnext\/mentions-legales\/#breadcrumb"},"inLanguage":"fr-FR","potentialAction":[{"@type":"ReadAction","target":["https:\/\/mmoscope.com\/eqnext\/mentions-legales\/"]}]},{"@type":"BreadcrumbList","@id":"https:\/\/mmoscope.com\/eqnext\/mentions-legales\/#breadcrumb","itemListElement":[{"@type":"ListItem","position":1,"name":"Accueil","item":"https:\/\/mmoscope.com\/eqnext\/"},{"@type":"ListItem","position":2,"name":"Mentions l\u00e9gales"}]},{"@type":"WebSite","@id":"https:\/\/mmoscope.com\/eqnext\/#website","url":"https:\/\/mmoscope.com\/eqnext\/","name":"mmoscope Everquest Next","description":"L&#039;actualit\u00e9 du MMO Everquest Next et Landmark","potentialAction":[{"@type":"SearchAction","target":{"@type":"EntryPoint","urlTemplate":"https:\/\/mmoscope.com\/eqnext\/?s={search_term_string}"},"query-input":"required name=search_term_string"}],"inLanguage":"fr-FR"}]}},"_links":{"self":[{"href":"https:\/\/mmoscope.com\/eqnext\/wp-json\/wp\/v2\/pages\/2007"}],"collection":[{"href":"https:\/\/mmoscope.com\/eqnext\/wp-json\/wp\/v2\/pages"}],"about":[{"href":"https:\/\/mmoscope.com\/eqnext\/wp-json\/wp\/v2\/types\/page"}],"author":[{"embeddable":true,"href":"https:\/\/mmoscope.com\/eqnext\/wp-json\/wp\/v2\/users\/1"}],"replies":[{"embeddable":true,"href":"https:\/\/mmoscope.com\/eqnext\/wp-json\/wp\/v2\/comments?post=2007"}],"version-history":[{"count":1,"href":"https:\/\/mmoscope.com\/eqnext\/wp-json\/wp\/v2\/pages\/2007\/revisions"}],"predecessor-version":[{"id":2008,"href":"https:\/\/mmoscope.com\/eqnext\/wp-json\/wp\/v2\/pages\/2007\/revisions\/2008"}],"wp:attachment":[{"href":"https:\/\/mmoscope.com\/eqnext\/wp-json\/wp\/v2\/media?parent=2007"}],"curies":[{"name":"wp","href":"https:\/\/api.w.org\/{rel}","templated":true}]}}